{"id":3602,"date":"2023-05-16T00:16:28","date_gmt":"2023-05-15T21:16:28","guid":{"rendered":"https:\/\/www.giresunadahastanesi.com\/?page_id=3602"},"modified":"2023-05-16T00:25:27","modified_gmt":"2023-05-15T21:25:27","slug":"hasta-haklari","status":"publish","type":"page","link":"https:\/\/www.giresunadahastanesi.com\/tr\/hasta-haklari\/","title":{"rendered":"Hasta Haklar\u0131"},"content":{"rendered":"<div class=\"wpb-content-wrapper\"><p>[vc_row tm_bgimagefixed=&#8221;&#8221; css=&#8221;.vc_custom_1533399575967{padding-top: 65px !important;padding-bottom: 60px !important;}&#8221;][vc_column]<h2 style=\"text-align:left;font-size:36px;line-height:46px;\" class=\"tm-custom-heading \" >Hasta <strong>Haklar\u0131<\/strong><\/h2>\n[vc_column_text]Tan\u0131 ve tedavi amac\u0131yla Hastanemize ba\u015fvuran her birey b\u00f6l\u00fcm\u00fcm\u00fcz taraf\u0131ndan denetlenen ve bu metinde yaz\u0131l\u0131 hale getirilen haklar\u0131 her a\u015famada takip edebilir: Daha fazla ayr\u0131nt\u0131ya ihtiya\u00e7 duyman\u0131z halinde bizimle ileti\u015fime ge\u00e7ebilirsiniz. <strong><a href=\"mailto:info@giresunadahastanesi.com\">info@giresunadahastanesi.com<\/a><\/strong>[\/vc_column_text][vc_tta_accordion color=&#8221;grey&#8221; gap=&#8221;20&#8243; c_icon=&#8221;chevron&#8221; c_position=&#8221;right&#8221; active_section=&#8221;1&#8243;][vc_tta_section title=&#8221;1. Hizmetlerden Yararlanma Hakk\u0131:&#8221; tab_id=&#8221;1533397591990-9dd742b0-768c7fbd-fe2c8772-68a65eb8-e9ba&#8221;][vc_column_text css=&#8221;.vc_custom_1684185480306{margin-bottom: 0px !important;}&#8221;]<strong>1.1<\/strong>\u00a0Hastanemize ba\u015fvuran her birey fiziksel d\u00fc\u015f\u00fcnsel ve sosyal \u00f6zellikleri ne olursa olsun, var olan tan\u0131 tedavi olanaklar\u0131ndan yararlanma hakk\u0131na sahiptir.<\/p>\n<p><strong>1.2<\/strong>\u00a0Hasta doktoru ve\/veya sa\u011fl\u0131k kurumunu se\u00e7me ve tedavinin herhangi bir evresinde de\u011fi\u015ftirme hakk\u0131na sahiptir.[\/vc_column_text][vc_column_text][\/vc_column_text][\/vc_tta_section][vc_tta_section title=&#8221;2. Sayg\u0131 ve \u0130tibar G\u00f6rme Hakk\u0131:&#8221; tab_id=&#8221;1533396882141-f4e83ff9-08ff7fbd-fe2c8772-68a65eb8-e9ba&#8221;][vc_column_text]<strong>2.1<\/strong>\u00a0Hasta her zaman bireysel itibar\u0131 korunarak sayg\u0131l\u0131, nazik, \u015fefkatli ve g\u00fcler y\u00fczl\u00fc bir ortamda tedavi olma hakk\u0131na sahiptir.<\/p>\n<p><strong>2.2<\/strong>\u00a0her t\u00fcrl\u00fc hijyenik \u015fartlar sa\u011flanm\u0131\u015f g\u00fcr\u00fclt\u00fcl\u00fc ve rahats\u0131z edici b\u00fct\u00fcn etkenler giderilmi\u015f bir sa\u011fl\u0131k hizmeti almaya hakk\u0131 vard\u0131r.[\/vc_column_text][\/vc_tta_section][vc_tta_section title=&#8221;3. Mahremiyet Hakk\u0131:&#8221; tab_id=&#8221;1533397427840-523d2361-d3287fbd-fe2c8772-68a65eb8-e9ba&#8221;][vc_column_text]<strong>3.1<\/strong>\u00a0Hastan\u0131n gizlili\u011fe uygun bir ortamda her t\u00fcrl\u00fc sa\u011fl\u0131k hizmeti almaya hakk\u0131 vard\u0131r. Mahremiyetinin korunmas\u0131n\u0131 a\u00e7\u0131k\u00e7a talep edebilir. Her t\u00fcrl\u00fc t\u0131bbi m\u00fcdahale, hastan\u0131n mahremiyetine sayg\u0131 g\u00f6sterilmek suretiyle icra edilir.[\/vc_column_text][\/vc_tta_section][vc_tta_section title=&#8221;4. Bilgi \u0130steme Hakk\u0131:&#8221; tab_id=&#8221;1533396882102-15df988c-ee5b7fbd-fe2c8772-68a65eb8-e9ba&#8221;][vc_column_text]<strong>4.1<\/strong> Hastan\u0131n sa\u011fl\u0131k hizmet ve imkan\u0131n\u0131n neler oldu\u011funu \u00f6\u011frenmeye ve sa\u011fl\u0131k durumu ile ilgili her t\u00fcrl\u00fc bilgiyi isteme hakk\u0131 vard\u0131r.[\/vc_column_text][\/vc_tta_section][vc_tta_section title=&#8221;5. Sa\u011fl\u0131k kurulu\u015funu ve personelini, se\u00e7me ve de\u011fi\u015ftirme:&#8221; tab_id=&#8221;1533397820292-167ebe6e-b8fd7fbd-fe2c8772-68a65eb8-e9ba&#8221;][vc_column_text]<strong>5.1<\/strong>\u00a0Sa\u011fl\u0131k kurulu\u015funu se\u00e7meye, de\u011fi\u015ftirmeye ve se\u00e7ti\u011fi sa\u011fl\u0131k kurumunda verilen sa\u011fl\u0131k hizmetlerinden faydalanmaya, sa\u011fl\u0131k hizmeti verecek vermekte olan tabiplerin ve di\u011fer sa\u011fl\u0131k \u00e7al\u0131\u015fanlar\u0131n\u0131n kimliklerini, g\u00f6rev ve unvanlar\u0131n\u0131 \u00f6\u011frenmeye se\u00e7me ve de\u011fi\u015ftirmeye hakk\u0131 vard\u0131r.[\/vc_column_text][\/vc_tta_section][vc_tta_section title=&#8221;6. Kay\u0131tlar\u0131 \u0130nceleme Ve Bilgilerin Gizli Tutulma Hakk\u0131:&#8221; tab_id=&#8221;1533397978258-198e3019-cc287fbd-fe2c8772-68a65eb8-e9ba&#8221;][vc_column_text]<strong>6.1<\/strong>\u00a0Hasta, sa\u011fl\u0131k durumu ile ilgili bilgiler bulunan dosyay\u0131 ve kay\u0131tlar\u0131, do\u011frudan veya vekili ile inceleyebilir ve bir suretini alabilir. Bu kay\u0131tlar, sadece hastan\u0131n tedavisi ile do\u011frudan ilgili olanlar taraf\u0131ndan g\u00f6r\u00fclebilir.<\/p>\n<p><strong>6.2<\/strong>\u00a0Gizlili\u011fe uygun bir ortamda her t\u00fcrl\u00fc sa\u011fl\u0131k hizmeti almaya haklar\u0131 vard\u0131r.[\/vc_column_text][\/vc_tta_section][vc_tta_section title=&#8221;7. Reddetme, durdurma ve r\u0131za:&#8221; tab_id=&#8221;1533398082683-9877f66e-88837fbd-fe2c8772-68a65eb8-e9ba&#8221;][vc_column_text]<strong>7.1<\/strong>Tedaviyi reddetmeye, durdurulmas\u0131n\u0131 istemeye, t\u0131bbi m\u00fcdahalelerde r\u0131zas\u0131n\u0131n al\u0131nmas\u0131na ve r\u0131za \u00e7er\u00e7evesinde hizmetten faydalanmaya hakk\u0131 vard\u0131r.<\/p>\n<p><strong>7.2<\/strong>\u00a0Hi\u00e7 kimse; kendi r\u0131zas\u0131 bulunmaks\u0131z\u0131n, tecr\u00fcbe, ara\u015ft\u0131rma veya e\u011fitim ama\u00e7l\u0131 hi\u00e7bir t\u0131bbi m\u00fcdahale konusu yap\u0131lamaz.[\/vc_column_text][\/vc_tta_section][vc_tta_section title=&#8221;8. Dini Hizmetlerden Faydalanma Hakk\u0131:&#8221; tab_id=&#8221;1684185678085-7934bf6f-45f6&#8243;][vc_column_text]<strong>8.1<\/strong>\u00a0Hastanemizin imkanlar\u0131 \u00f6l\u00e7\u00fcs\u00fcnde hastalara dini vecibelerini serbest\u00e7e yerine getirmeleri i\u00e7in gereken tedbirler al\u0131n\u0131r.[\/vc_column_text][\/vc_tta_section][vc_tta_section title=&#8221;9. Ziyaret Ve Refakat\u00e7i Bulundurma Hakk\u0131:&#8221; tab_id=&#8221;1684185727371-e49e7f00-6a6c&#8221;][vc_column_text]<strong>9.1<\/strong>\u00a0Hasta ziyaret\u00e7ilerinin kabul edilmesi, Hastanemizin belirlenen usul ve esaslara uygun olarak ve hastalar\u0131n huzur ve s\u00fckunlar\u0131n\u0131 bozacak fiil ve tutumlara sebebiyet vermeyecek \u015fekilde ger\u00e7ekle\u015ftirilir ve bu konuda gereken tedbirler al\u0131n\u0131r.<\/p>\n<p><strong>9.2<\/strong>\u00a0Muayene ve tedavi s\u0131ras\u0131nda hastaya yard\u0131mc\u0131 olmak \u00fczere; mevzuat\u0131n ve Hastane imkanlar\u0131n\u0131n elverdi\u011fi ve hastan\u0131n sa\u011fl\u0131k durumunun gerektirdi\u011fi \u00f6l\u00e7\u00fcde, tedaviden sorumlu olan tabibin uygun g\u00f6rmesine ba\u011fl\u0131 olarak, refakat\u00e7i bulundurmas\u0131 istenebilir.[\/vc_column_text][\/vc_tta_section][\/vc_tta_accordion][\/vc_column][\/vc_row]<\/p>\n<\/div>","protected":false},"excerpt":{"rendered":"<p>[vc_row tm_bgimagefixed=&#8221;&#8221; css=&#8221;.vc_custom_1533399575967{padding-top: 65px !important;padding-bottom: 60px !important;}&#8221;][vc_column][vc_column_text]Tan\u0131 ve tedavi amac\u0131yla Hastanemize ba\u015fvuran her birey b\u00f6l\u00fcm\u00fcm\u00fcz taraf\u0131ndan denetlenen ve bu metinde yaz\u0131l\u0131 hale getirilen haklar\u0131 her a\u015famada takip edebilir: Daha fazla ayr\u0131nt\u0131ya ihtiya\u00e7 duyman\u0131z halinde bizimle ileti\u015fime ge\u00e7ebilirsiniz. info@giresunadahastanesi.com[\/vc_column_text][vc_tta_accordion color=&#8221;grey&#8221; gap=&#8221;20&#8243; c_icon=&#8221;chevron&#8221; c_position=&#8221;right&#8221; active_section=&#8221;1&#8243;][vc_tta_section title=&#8221;1. Hizmetlerden Yararlanma Hakk\u0131:&#8221; tab_id=&#8221;1533397591990-9dd742b0-768c7fbd-fe2c8772-68a65eb8-e9ba&#8221;][vc_column_text css=&#8221;.vc_custom_1684185480306{margin-bottom: 0px !important;}&#8221;]1.1\u00a0Hastanemize ba\u015fvuran her birey fiziksel &hellip; <a href=\"https:\/\/www.giresunadahastanesi.com\/tr\/hasta-haklari\/\" class=\"more-link\">Continue reading <span class=\"screen-reader-text\">Hasta Haklar\u0131<\/span><\/a><\/p>\n","protected":false},"author":1,"featured_media":0,"parent":0,"menu_order":14,"comment_status":"closed","ping_status":"closed","template":"","meta":{"footnotes":""},"class_list":["post-3602","page","type-page","status-publish","hentry"],"_links":{"self":[{"href":"https:\/\/www.giresunadahastanesi.com\/tr\/wp-json\/wp\/v2\/pages\/3602","targetHints":{"allow":["GET"]}}],"collection":[{"href":"https:\/\/www.giresunadahastanesi.com\/tr\/wp-json\/wp\/v2\/pages"}],"about":[{"href":"https:\/\/www.giresunadahastanesi.com\/tr\/wp-json\/wp\/v2\/types\/page"}],"author":[{"embeddable":true,"href":"https:\/\/www.giresunadahastanesi.com\/tr\/wp-json\/wp\/v2\/users\/1"}],"replies":[{"embeddable":true,"href":"https:\/\/www.giresunadahastanesi.com\/tr\/wp-json\/wp\/v2\/comments?post=3602"}],"version-history":[{"count":6,"href":"https:\/\/www.giresunadahastanesi.com\/tr\/wp-json\/wp\/v2\/pages\/3602\/revisions"}],"predecessor-version":[{"id":3609,"href":"https:\/\/www.giresunadahastanesi.com\/tr\/wp-json\/wp\/v2\/pages\/3602\/revisions\/3609"}],"wp:attachment":[{"href":"https:\/\/www.giresunadahastanesi.com\/tr\/wp-json\/wp\/v2\/media?parent=3602"}],"curies":[{"name":"wp","href":"https:\/\/api.w.org\/{rel}","templated":true}]}}