{"id":3630,"date":"2023-05-16T07:54:43","date_gmt":"2023-05-16T04:54:43","guid":{"rendered":"https:\/\/www.giresunadahastanesi.com\/?page_id=3630"},"modified":"2023-05-16T08:04:32","modified_gmt":"2023-05-16T05:04:32","slug":"misyon-ve-vizyon","status":"publish","type":"page","link":"https:\/\/www.giresunadahastanesi.com\/tr\/misyon-ve-vizyon\/","title":{"rendered":"Misyon ve Vizyon"},"content":{"rendered":"<div class=\"wpb-content-wrapper\"><p>[vc_row tm_bgimagefixed=&#8221;&#8221; css=&#8221;.vc_custom_1533399575967{padding-top: 65px !important;padding-bottom: 60px !important;}&#8221;][vc_column]<h2 style=\"text-align:left;font-size:36px;line-height:46px;\" class=\"tm-custom-heading \" >Misyonumuz ve <strong>Vizyonumuz<\/strong><\/h2>\n[vc_column_text]<strong>Misyon<\/strong><\/p>\n<p>Etik kurallara ba\u011fl\u0131, hasta haklar\u0131na sayg\u0131l\u0131, kurum i\u00e7i e\u011fitimlerle s\u00fcrekli desteklenen, konular\u0131nda uzman \u00e7al\u0131\u015fanlar\u0131m\u0131zla, Do\u011fru Te\u015fhis \u2013 Do\u011fru Tedavi yakla\u015f\u0131m\u0131yla; sa\u011fl\u0131k hizmetlerini kalite ve etik de\u011ferlerden \u00f6d\u00fcn vermeden \u00e7al\u0131\u015fan sa\u011fl\u0131k hizmeti sunmakt\u0131r.<\/p>\n<p>&nbsp;<\/p>\n<p><strong>Vizyon<\/strong><\/p>\n<p>Teknolojik en son imkanlar\u0131 kullanarak uluslar aras\u0131 Kalite standartlar\u0131 do\u011frultusunda hasta memnuniyeti odakl\u0131 \u00fcst\u00fcn nitelikli ekibimizle b\u00f6lgemizde referans g\u00f6sterilen sa\u011fl\u0131k kurumlar\u0131ndan biri olmakt\u0131r.<\/p>\n<p>&nbsp;<\/p>\n<p><strong>De\u011ferlerimiz<\/strong><\/p>\n<ul>\n<li>Hasta Memnuniyeti<\/li>\n<li>Hastaya sayg\u0131<\/li>\n<li>Gizlilik<\/li>\n<li>T\u0131bbi hizmetlerde m\u00fckemmeliyet<\/li>\n<\/ul>\n<p>[\/vc_column_text][\/vc_column][\/vc_row]<\/p>\n<\/div>","protected":false},"excerpt":{"rendered":"<p>[vc_row tm_bgimagefixed=&#8221;&#8221; css=&#8221;.vc_custom_1533399575967{padding-top: 65px !important;padding-bottom: 60px !important;}&#8221;][vc_column][vc_column_text]Misyon Etik kurallara ba\u011fl\u0131, hasta haklar\u0131na sayg\u0131l\u0131, kurum i\u00e7i e\u011fitimlerle s\u00fcrekli desteklenen, konular\u0131nda uzman \u00e7al\u0131\u015fanlar\u0131m\u0131zla, Do\u011fru Te\u015fhis \u2013 Do\u011fru Tedavi yakla\u015f\u0131m\u0131yla; sa\u011fl\u0131k hizmetlerini kalite ve etik de\u011ferlerden \u00f6d\u00fcn vermeden \u00e7al\u0131\u015fan sa\u011fl\u0131k hizmeti sunmakt\u0131r. &nbsp; Vizyon Teknolojik en son imkanlar\u0131 kullanarak uluslar aras\u0131 Kalite standartlar\u0131 do\u011frultusunda hasta memnuniyeti odakl\u0131 \u00fcst\u00fcn &hellip; <a href=\"https:\/\/www.giresunadahastanesi.com\/tr\/misyon-ve-vizyon\/\" class=\"more-link\">Continue reading <span class=\"screen-reader-text\">Misyon ve Vizyon<\/span><\/a><\/p>\n","protected":false},"author":1,"featured_media":0,"parent":0,"menu_order":14,"comment_status":"closed","ping_status":"closed","template":"","meta":{"footnotes":""},"class_list":["post-3630","page","type-page","status-publish","hentry"],"_links":{"self":[{"href":"https:\/\/www.giresunadahastanesi.com\/tr\/wp-json\/wp\/v2\/pages\/3630","targetHints":{"allow":["GET"]}}],"collection":[{"href":"https:\/\/www.giresunadahastanesi.com\/tr\/wp-json\/wp\/v2\/pages"}],"about":[{"href":"https:\/\/www.giresunadahastanesi.com\/tr\/wp-json\/wp\/v2\/types\/page"}],"author":[{"embeddable":true,"href":"https:\/\/www.giresunadahastanesi.com\/tr\/wp-json\/wp\/v2\/users\/1"}],"replies":[{"embeddable":true,"href":"https:\/\/www.giresunadahastanesi.com\/tr\/wp-json\/wp\/v2\/comments?post=3630"}],"version-history":[{"count":2,"href":"https:\/\/www.giresunadahastanesi.com\/tr\/wp-json\/wp\/v2\/pages\/3630\/revisions"}],"predecessor-version":[{"id":3655,"href":"https:\/\/www.giresunadahastanesi.com\/tr\/wp-json\/wp\/v2\/pages\/3630\/revisions\/3655"}],"wp:attachment":[{"href":"https:\/\/www.giresunadahastanesi.com\/tr\/wp-json\/wp\/v2\/media?parent=3630"}],"curies":[{"name":"wp","href":"https:\/\/api.w.org\/{rel}","templated":true}]}}