{"id":3632,"date":"2023-05-16T07:55:47","date_gmt":"2023-05-16T04:55:47","guid":{"rendered":"https:\/\/www.giresunadahastanesi.com\/?page_id=3632"},"modified":"2023-05-16T08:05:27","modified_gmt":"2023-05-16T05:05:27","slug":"amac-ve-hedeflerimiz","status":"publish","type":"page","link":"https:\/\/www.giresunadahastanesi.com\/tr\/amac-ve-hedeflerimiz\/","title":{"rendered":"Ama\u00e7 ve Hedeflerimiz"},"content":{"rendered":"<div class=\"wpb-content-wrapper\"><p>[vc_row tm_bgimagefixed=&#8221;&#8221; css=&#8221;.vc_custom_1533399575967{padding-top: 65px !important;padding-bottom: 60px !important;}&#8221;][vc_column]<h2 style=\"text-align:left;font-size:36px;line-height:46px;\" class=\"tm-custom-heading \" >Ada Hastanesi Ama\u00e7 ve Hedeflerimiz<\/h2>\n[vc_column_text]<\/p>\n<div id=\"content\" class=\"site-content container\">\n<div class=\"site-content_wrap\">\n<div class=\"row\">\n<div id=\"primary\" class=\"col-xs-12 col-md-12\">\n<p>&nbsp;<\/p>\n<article id=\"post-8528\" class=\"post-8528 page type-page status-publish hentry no-thumb\">\n<div class=\"entry-content\">\n<p><strong>KURUMSAL AMA\u00c7LARIMIZ<\/strong><\/p>\n<ul>\n<li>Kesintisiz hizmet \u00fcretimi sa\u011flayarak, kaynaklar\u0131 dikkatli kullanarak kaliteli sa\u011fl\u0131k hizmetini toplumun t\u00fcm kesimlerine\u00a0 sunmak.<\/li>\n<li>T\u00fcm yasal mevzuatlar do\u011frultusunda kaliteli hizmet sunumunu ilke haline getirmek.<\/li>\n<\/ul>\n<p><strong>KURUMSAL HEDEFLER\u0130M\u0130Z<\/strong><\/p>\n<ul>\n<li>Hastane b\u00fcnyesinde esnek \u00e7al\u0131\u015fma modelinin geli\u015ftirilmesi ve verimlili\u011fin en \u00fcst d\u00fczeyde sa\u011flanmas\u0131. \u00c7al\u0131\u015fan pozisyonlar\u0131n\u0131n kendi i\u00e7lerinde alternatiflerinin olu\u015fturulmas\u0131.<\/li>\n<li>Kaliteden \u00f6d\u00fcn vermeyecek \u015fekilde gelirlerin art\u0131r\u0131larak giderlerin en d\u00fc\u015f\u00fck seviyeye \u00e7ekilmesi ve optimum karl\u0131l\u0131k sa\u011flanmas\u0131.<\/li>\n<li>Hizmet \u00e7e\u015fitlili\u011fi ve fiziksel kapasitenin s\u00fcrekli art\u0131r\u0131lmas\u0131na y\u00f6nelik \u00e7al\u0131\u015fmalar\u0131n her an yap\u0131lmas\u0131.<\/li>\n<li>Mevcut \u015fartlar\u0131n hasta geribildirimleri do\u011frultusunda s\u00fcrekli iyile\u015ftirilmesi.<\/li>\n<li>Toplum sa\u011fl\u0131\u011f\u0131n\u0131 iyile\u015ftirmek i\u00e7in hastane i\u00e7erisinde fark\u0131ndal\u0131k olu\u015fturabilecek bilgilendirmeler yapmak.<\/li>\n<\/ul>\n<div class=\"entry-content\">\n<div class=\"entry-content\">\n<p><span style=\"color: #999999;\"><em>D\u00f6k\u00fcman No: KU.YD.59 | Yay\u0131n Tarihi: OCAK18 | Revizyon No: 00 | Revizyon Tarihi: &#8211;\u00a0\u00a0<\/em><\/span><\/p>\n<\/div>\n<footer class=\"entry-footer\"><\/footer>\n<\/div>\n<\/div>\n<footer class=\"entry-footer\"><\/footer>\n<\/article>\n<p>&nbsp;<\/p>\n<\/div>\n<\/div>\n<\/div>\n<\/div>\n<footer id=\"colophon\" class=\"site-footer default\" role=\"contentinfo\">\n<div class=\"footer-social-wrap invert\">\n<div class=\"footer-container_wrap container\">\n<div class=\"subscribe-block\">\n<form class=\"subscribe-block__form\" action=\"http:\/\/v3.giresunadahastanesi.com\/amac-ve-hedeflerimiz\/#\" method=\"POST\">\n<div class=\"subscribe-block__input-group\"><\/div>\n<\/form>\n<\/div>\n<\/div>\n<\/div>\n<\/footer>\n<p>[\/vc_column_text][\/vc_column][\/vc_row]<\/p>\n<\/div>","protected":false},"excerpt":{"rendered":"<p>[vc_row tm_bgimagefixed=&#8221;&#8221; css=&#8221;.vc_custom_1533399575967{padding-top: 65px !important;padding-bottom: 60px !important;}&#8221;][vc_column][vc_column_text] &nbsp; KURUMSAL AMA\u00c7LARIMIZ Kesintisiz hizmet \u00fcretimi sa\u011flayarak, kaynaklar\u0131 dikkatli kullanarak kaliteli sa\u011fl\u0131k hizmetini toplumun t\u00fcm kesimlerine\u00a0 sunmak. T\u00fcm yasal mevzuatlar do\u011frultusunda kaliteli hizmet sunumunu ilke haline getirmek. KURUMSAL HEDEFLER\u0130M\u0130Z Hastane b\u00fcnyesinde esnek \u00e7al\u0131\u015fma modelinin geli\u015ftirilmesi ve verimlili\u011fin en \u00fcst d\u00fczeyde sa\u011flanmas\u0131. \u00c7al\u0131\u015fan pozisyonlar\u0131n\u0131n kendi i\u00e7lerinde alternatiflerinin olu\u015fturulmas\u0131. Kaliteden &hellip; <a href=\"https:\/\/www.giresunadahastanesi.com\/tr\/amac-ve-hedeflerimiz\/\" class=\"more-link\">Continue reading <span class=\"screen-reader-text\">Ama\u00e7 ve Hedeflerimiz<\/span><\/a><\/p>\n","protected":false},"author":1,"featured_media":0,"parent":0,"menu_order":14,"comment_status":"closed","ping_status":"closed","template":"","meta":{"footnotes":""},"class_list":["post-3632","page","type-page","status-publish","hentry"],"_links":{"self":[{"href":"https:\/\/www.giresunadahastanesi.com\/tr\/wp-json\/wp\/v2\/pages\/3632","targetHints":{"allow":["GET"]}}],"collection":[{"href":"https:\/\/www.giresunadahastanesi.com\/tr\/wp-json\/wp\/v2\/pages"}],"about":[{"href":"https:\/\/www.giresunadahastanesi.com\/tr\/wp-json\/wp\/v2\/types\/page"}],"author":[{"embeddable":true,"href":"https:\/\/www.giresunadahastanesi.com\/tr\/wp-json\/wp\/v2\/users\/1"}],"replies":[{"embeddable":true,"href":"https:\/\/www.giresunadahastanesi.com\/tr\/wp-json\/wp\/v2\/comments?post=3632"}],"version-history":[{"count":2,"href":"https:\/\/www.giresunadahastanesi.com\/tr\/wp-json\/wp\/v2\/pages\/3632\/revisions"}],"predecessor-version":[{"id":3657,"href":"https:\/\/www.giresunadahastanesi.com\/tr\/wp-json\/wp\/v2\/pages\/3632\/revisions\/3657"}],"wp:attachment":[{"href":"https:\/\/www.giresunadahastanesi.com\/tr\/wp-json\/wp\/v2\/media?parent=3632"}],"curies":[{"name":"wp","href":"https:\/\/api.w.org\/{rel}","templated":true}]}}