{"id":3634,"date":"2023-05-16T07:56:33","date_gmt":"2023-05-16T04:56:33","guid":{"rendered":"https:\/\/www.giresunadahastanesi.com\/?page_id=3634"},"modified":"2025-09-12T14:38:38","modified_gmt":"2025-09-12T11:38:38","slug":"hastane-organizasyon-yapisi","status":"publish","type":"page","link":"https:\/\/www.giresunadahastanesi.com\/tr\/hastane-organizasyon-yapisi\/","title":{"rendered":"Hastane Organizasyon Yap\u0131s\u0131"},"content":{"rendered":"<div class=\"wpb-content-wrapper\"><p>[vc_row tm_bgimagefixed=&#8221;&#8221; css=&#8221;.vc_custom_1533399575967{padding-top: 65px !important;padding-bottom: 60px !important;}&#8221;][vc_column]<h2 style=\"text-align:left;font-size:36px;line-height:46px;\" class=\"tm-custom-heading \" >Ada Hastanesi Organizasyon Yap\u0131s\u0131<\/h2>\n[vc_column_text css=&#8221;&#8221;]\u00d8\u00a0 Hastane Kalite Y\u00f6netim Sistemi, Sa\u011fl\u0131kta D\u00f6n\u00fc\u015f\u00fcm Program\u0131 \u00e7er\u00e7evesinde D\u00fcnya Sa\u011fl\u0131k \u00d6rg\u00fct\u00fc hedefleri, uluslar aras\u0131 geli\u015fmeler, \u00fclke ihtiya\u00e7 ve \u00f6ncelikleri dikkate al\u0131narak T\u00fcrkiye\u2019 de sa\u011fl\u0131k alan\u0131nda hizmet sunan t\u00fcm hastanelere de, \u00f6ncelikli olarak standartlar\u0131 kar\u015f\u0131lamaya y\u00f6nelik ba\u015far\u0131 hedefleri olu\u015fturmak ve akabinde optimal kalite d\u00fczeyini sa\u011flamak amac\u0131yla geli\u015ftirilmi\u015f bir sistemdir.<\/p>\n<p>\u00d8\u00a0 Belirtilen ama\u00e7 do\u011frultusunda olu\u015fturulan sistem, hastanelerde Kalite Y\u00f6netim Birimlerinin sorumlulu\u011fundad\u0131r. Kalite Y\u00f6netim Biriminin sorumlusu Kalite Y\u00f6netim Direkt\u00f6r\u00fcd\u00fcr. Birim ilgili ba\u015fhekim yard\u0131mc\u0131na ba\u011fl\u0131 olarak \u00e7al\u0131\u015f\u0131r.<\/p>\n<p>\u00d8\u00a0 Kalite Y\u00f6netim Birimi; SKS \u00e7er\u00e7evesinde y\u00fcr\u00fct\u00fclen \u00e7al\u0131\u015fmalar\u0131n koordinasyonunu sa\u011flayarak, kurum i\u00e7inde geli\u015ftirilen i\u015f s\u00fcre\u00e7lerinin tan\u0131mlamalar\u0131 do\u011frultusunda kalite \u00e7al\u0131\u015fmalar\u0131n\u0131 koordine eder, kalite \u00e7al\u0131\u015fmalar\u0131 verilerini muhafaza eder ve Kalite Y\u00f6netim Biriminin t\u00fcm i\u015fleyi\u015fe hakim bir kalite politikas\u0131 olu\u015fturmas\u0131 ve s\u00fcreklili\u011fini sa\u011flamas\u0131 i\u00e7in gereken unsurlar\u0131 belirler, \u00f6nerir, belirlenmi\u015f kalite standartlar\u0131n\u0131, bunlara ula\u015fma \u00e7al\u0131\u015fmalar\u0131n\u0131 ve yap\u0131lacak olan de\u011fi\u015fikliklerin ayr\u0131nt\u0131lar\u0131n\u0131 bir program dahilinde izler. Ama\u00e7lanan kalite seviyesine bu plan do\u011frultusunda ula\u015f\u0131lmas\u0131na \u00e7al\u0131\u015f\u0131r. Hatal\u0131 ya da eksik i\u015f s\u00fcre\u00e7lerinin \u00f6nceden hedeflenen kalite seviyesine uygunlu\u011fu i\u00e7in periyodik olarak istatistiksel veriler toplay\u0131p de\u011ferlendirerek yap\u0131lacak iyile\u015ftirme a\u015famalar\u0131n\u0131 belirler.<\/p>\n<p>\u00d8\u00a0 Kalite y\u00f6netim direkt\u00f6r\u00fc; kalite y\u00f6netim biriminden ve kurumdaki t\u00fcm s\u00fcre\u00e7lerden sorumlu olup SKS uygulamalar\u0131n\u0131 y\u00fcr\u00fctmek, kurum kalite hedeflerini ger\u00e7ekle\u015ftirmek, gerekli koordinasyon i\u00e7in ileti\u015fim tekniklerini kullanmak, \u00e7al\u0131\u015fma alan\u0131yla ilgili konulara hakim olmak, takip etmek ve sonu\u00e7land\u0131rmak hususlar\u0131nda sorumluluk ta\u015f\u0131maktad\u0131r.<\/p>\n<p>\u00d8\u00a0 Kalite Y\u00f6netim Biriminin t\u00fcm i\u015fleyi\u015fe hakim bir kalite politikas\u0131 olu\u015fturmas\u0131 ve s\u00fcreklili\u011fini sa\u011flamas\u0131 i\u00e7in gereken unsurlar\u0131 belirler, \u00f6nerir, yap\u0131lacak olan uygulamalar\u0131n ayr\u0131nt\u0131lar\u0131n\u0131 bir program dahilinde izler.<\/p>\n<p>\u00d8\u00a0 B\u00f6l\u00fcm Kalite Sorumlular\u0131; ba\u015fhekim taraf\u0131ndan g\u00f6revlendirilen, hizmetin verildi\u011fi b\u00f6l\u00fcmlerde Sa\u011fl\u0131kta Kalite Standartlar\u0131n\u0131n uygulanmas\u0131ndan sorumlu ki\u015filerdir. \u0130lgili konuda Kalite Y\u00f6netim Direkt\u00f6r\u00fc ile koordineli \u00e7al\u0131\u015f\u0131rlar.<\/p>\n<p>\u00d8\u00a0 B\u00f6l\u00fcm Kalite Sorumlu Yard\u0131mc\u0131lar\u0131; Kurumumuzda y\u00fcr\u00fct\u00fclmekte olan, Kalite Y\u00f6netim Sistemi organizasyon yap\u0131s\u0131nda, birim sorumlular\u0131, birimlerinde kalite standartlar\u0131n\u0131n uygulanmas\u0131nda, b\u00f6l\u00fcm kalite sorumlular\u0131na yard\u0131mc\u0131 olmak \u00fczere , \u201c B\u00f6l\u00fcm Kalite Sorumlu Yard\u0131mc\u0131s\u0131\u201d olarak g\u00f6rev yaparlar.<\/p>\n<p>\u00d8\u00a0 Sistemin takibi, hastane y\u00f6neticisine ba\u011fl\u0131 olan, kalite komite, komisyon ve ekipleri taraf\u0131ndan yap\u0131l\u0131r. Kalite Y\u00f6netim Birimi \u0130lgili komite komisyon ve ekiplerle koordineli \u00e7al\u0131\u015f\u0131r<\/p>\n<ul>\n<li><b>Komite, Komisyon ve Ekipler; <\/b><\/li>\n<\/ul>\n<ol>\n<li>G\u00f6rev tan\u0131mlar\u0131nda belirlenen alanlarda \u00e7al\u0131\u015farak Kalite Y\u00f6netim Birimi taraf\u0131ndan iletilen, \u0130stenmeyen Olay Sistemi Bildirim Formlar\u0131ndaki olay bildirimleri ile ilgili k\u00f6k neden analizleri yapar, d\u00fczeltici \u00f6nleyici faaliyet \u00e7al\u0131\u015fmalar\u0131n\u0131 ba\u015flat\u0131r.<\/li>\n<li>Olay bildirimine ili\u015fkin analiz sonu\u00e7lar\u0131 ve yap\u0131lan faaliyetler ve al\u0131nan kararlar, Ba\u015fhekim\u2019e bildirilir<\/li>\n<\/ol>\n<p>[\/vc_column_text][\/vc_column][\/vc_row]<\/p>\n<\/div>","protected":false},"excerpt":{"rendered":"<p>[vc_row tm_bgimagefixed=&#8221;&#8221; css=&#8221;.vc_custom_1533399575967{padding-top: 65px !important;padding-bottom: 60px !important;}&#8221;][vc_column][vc_column_text css=&#8221;&#8221;]\u00d8\u00a0 Hastane Kalite Y\u00f6netim Sistemi, Sa\u011fl\u0131kta D\u00f6n\u00fc\u015f\u00fcm Program\u0131 \u00e7er\u00e7evesinde D\u00fcnya Sa\u011fl\u0131k \u00d6rg\u00fct\u00fc hedefleri, uluslar aras\u0131 geli\u015fmeler, \u00fclke ihtiya\u00e7 ve \u00f6ncelikleri dikkate al\u0131narak T\u00fcrkiye\u2019 de sa\u011fl\u0131k alan\u0131nda hizmet sunan t\u00fcm hastanelere de, \u00f6ncelikli olarak standartlar\u0131 kar\u015f\u0131lamaya y\u00f6nelik ba\u015far\u0131 hedefleri olu\u015fturmak ve akabinde optimal kalite d\u00fczeyini sa\u011flamak amac\u0131yla geli\u015ftirilmi\u015f bir &hellip; <a href=\"https:\/\/www.giresunadahastanesi.com\/tr\/hastane-organizasyon-yapisi\/\" class=\"more-link\">Continue reading <span class=\"screen-reader-text\">Hastane Organizasyon Yap\u0131s\u0131<\/span><\/a><\/p>\n","protected":false},"author":1,"featured_media":0,"parent":0,"menu_order":14,"comment_status":"closed","ping_status":"closed","template":"","meta":{"footnotes":""},"class_list":["post-3634","page","type-page","status-publish","hentry"],"_links":{"self":[{"href":"https:\/\/www.giresunadahastanesi.com\/tr\/wp-json\/wp\/v2\/pages\/3634","targetHints":{"allow":["GET"]}}],"collection":[{"href":"https:\/\/www.giresunadahastanesi.com\/tr\/wp-json\/wp\/v2\/pages"}],"about":[{"href":"https:\/\/www.giresunadahastanesi.com\/tr\/wp-json\/wp\/v2\/types\/page"}],"author":[{"embeddable":true,"href":"https:\/\/www.giresunadahastanesi.com\/tr\/wp-json\/wp\/v2\/users\/1"}],"replies":[{"embeddable":true,"href":"https:\/\/www.giresunadahastanesi.com\/tr\/wp-json\/wp\/v2\/comments?post=3634"}],"version-history":[{"count":3,"href":"https:\/\/www.giresunadahastanesi.com\/tr\/wp-json\/wp\/v2\/pages\/3634\/revisions"}],"predecessor-version":[{"id":8166,"href":"https:\/\/www.giresunadahastanesi.com\/tr\/wp-json\/wp\/v2\/pages\/3634\/revisions\/8166"}],"wp:attachment":[{"href":"https:\/\/www.giresunadahastanesi.com\/tr\/wp-json\/wp\/v2\/media?parent=3634"}],"curies":[{"name":"wp","href":"https:\/\/api.w.org\/{rel}","templated":true}]}}