{"id":674,"date":"2018-11-20T12:48:39","date_gmt":"2018-11-20T12:48:39","guid":{"rendered":"http:\/\/localhost\/dentmedi-theme\/?page_id=674"},"modified":"2023-05-16T08:16:05","modified_gmt":"2023-05-16T05:16:05","slug":"blog-grid-view","status":"publish","type":"page","link":"https:\/\/www.giresunadahastanesi.com\/tr\/blog-grid-view\/","title":{"rendered":"Haberler"},"content":{"rendered":"<div class=\"wpb-content-wrapper\"><p>[vc_row][vc_column]<div class=\"themetechmount-boxes themetechmount-boxes-blog themetechmount-boxes-view-default themetechmount-boxes-col-three themetechmount-boxes-sortable-no themetechmount-boxes-textalign-center themetechmount-boxes-sortablebutton-\">\n\t\t<div class=\"themetechmount-boxes-inner themetechmount-boxes-blog-inner \">\n\t\t\t\n\t\t\t<div class=\"row multi-columns-row themetechmount-boxes-row-wrapper\">\n\t\t\t\t<div class=\"tm-box-col-wrapper col-lg-4 col-sm-6 col-md-4 col-xs-12 uncategorized-tr\"><article class=\"themetechmount-box themetechmount-box-blog themetechmount-box-topimage themetechmount-blogbox-format- \">\r\n\t<div class=\"post-item\">\r\n\t\t<div class=\"themetechmount-box-content\">\t\t\r\n\t\t\t<div class=\"tm-featured-outer-wrapper tm-post-featured-outer-wrapper\">\r\n\t\t\t\t<div class=\"tm_classic_post_icon\"><div class=\"tm-post-format-icon-wrapper\"><i class=\"tm-brivona-icon-pencil\"><\/i><\/div><\/div>\t\t\t\t<div class=\"tm-featured-wrapper tm-post-featured-wrapper tm-post-format-\"><a href=\"https:\/\/www.giresunadahastanesi.com\/tr\/by-pass-ameliyati-nedir\/\"><img fetchpriority=\"high\" decoding=\"async\" width=\"720\" height=\"544\" src=\"https:\/\/www.giresunadahastanesi.com\/wp-content\/uploads\/2025\/09\/WhatsApp-Image-2025-09-16-at-12.56.03-720x544.jpeg\" class=\"attachment-themetechmount-img-blog-top size-themetechmount-img-blog-top wp-post-image\" alt=\"\" data-id=\"8248\" \/><\/a><\/div>\t\t\t\t<div class=\"tm-box-post-date\">\r\n\t\t\t\t\t\t<div class=\"themetechmount-post-date-wrapper\"><div class=\"themetechmount-entry-date-wrapper\"><span class=\"themetechmount-entry-date\"><time class=\"entry-date\" datetime=\"2025-09-16T17:34:58+03:00\">16<span class=\"entry-month entry-year\">Eyl<span class=\"entry-year\">2025<\/span><\/span><\/time><\/span><\/div><\/div>\t\t\t\t<\/div>\r\n\t\t\t<\/div>\t\t\r\n\t\t\t<div class=\"themetechmount-box-desc\">\r\n\t\t\t\t<div class=\"entry-header\">\r\n\t\t\t\t\t<div class=\"tm-entry-meta-wrapper\"><div class=\"entry-meta tm-entry-meta tm-entry-meta-blogbox\"><span class=\"tm-meta-line byline\"><i class=\"tm-brivona-icon-user-1\"><\/i> <span class=\"author vcard\"><span class=\"screen-reader-text tm-hide\">Author <\/span><a class=\"url fn n\" href=\"https:\/\/www.giresunadahastanesi.com\/tr\/author\/tolga\/\">tolga<\/a><\/span><\/span><\/div><\/div>\t\t\t\t\t<div class=\"themetechmount-box-title\"><h4><a href=\"https:\/\/www.giresunadahastanesi.com\/tr\/by-pass-ameliyati-nedir\/\">By-Pass Ameliyat\u0131 Nedir?<\/a><\/h4><\/div>\t\t\t\t<\/div>\t\t\r\n\t\t\t\t<div class=\"themetechmount-box-desc-text\">Kalp (By-Pass) Ameliyatlar\u0131nda SGK Kapsam\u0131 ve \u00dccret Politikam\u0131z Kalp damar hastal\u0131klar\u0131, \u00fclkemizde e...<\/div>\r\n\t\t\t   <div class=\"themetechmount-box-desc-footer\">\r\n\t\t\t\t\t<div class=\"themetechmount-blogbox-desc-footer\">\r\n\t\t\t\t\t\t\t\t\t\t<\/div>\r\n\t\t\t\t<\/div>\t\t\r\n\t\t\t<\/div>\r\n        <\/div>\r\n\t<\/div>\r\n<\/article>\r\n<\/div><div class=\"tm-box-col-wrapper col-lg-4 col-sm-6 col-md-4 col-xs-12 uncategorized-tr\"><article class=\"themetechmount-box themetechmount-box-blog themetechmount-box-topimage themetechmount-blogbox-format- \">\r\n\t<div class=\"post-item\">\r\n\t\t<div class=\"themetechmount-box-content\">\t\t\r\n\t\t\t<div class=\"tm-featured-outer-wrapper tm-post-featured-outer-wrapper\">\r\n\t\t\t\t<div class=\"tm_classic_post_icon\"><div class=\"tm-post-format-icon-wrapper\"><i class=\"tm-brivona-icon-pencil\"><\/i><\/div><\/div>\t\t\t\t<div class=\"tm-featured-wrapper tm-post-featured-wrapper tm-post-format-\"><a href=\"https:\/\/www.giresunadahastanesi.com\/tr\/excimer-lazer-nedir\/\"><img decoding=\"async\" width=\"720\" height=\"544\" src=\"https:\/\/www.giresunadahastanesi.com\/wp-content\/uploads\/2025\/09\/WhatsApp-Image-2025-09-16-at-12.55.26-720x544.jpeg\" class=\"attachment-themetechmount-img-blog-top size-themetechmount-img-blog-top wp-post-image\" alt=\"\" data-id=\"8241\" \/><\/a><\/div>\t\t\t\t<div class=\"tm-box-post-date\">\r\n\t\t\t\t\t\t<div class=\"themetechmount-post-date-wrapper\"><div class=\"themetechmount-entry-date-wrapper\"><span class=\"themetechmount-entry-date\"><time class=\"entry-date\" datetime=\"2025-09-16T17:33:32+03:00\">16<span class=\"entry-month entry-year\">Eyl<span class=\"entry-year\">2025<\/span><\/span><\/time><\/span><\/div><\/div>\t\t\t\t<\/div>\r\n\t\t\t<\/div>\t\t\r\n\t\t\t<div class=\"themetechmount-box-desc\">\r\n\t\t\t\t<div class=\"entry-header\">\r\n\t\t\t\t\t<div class=\"tm-entry-meta-wrapper\"><div class=\"entry-meta tm-entry-meta tm-entry-meta-blogbox\"><span class=\"tm-meta-line byline\"><i class=\"tm-brivona-icon-user-1\"><\/i> <span class=\"author vcard\"><span class=\"screen-reader-text tm-hide\">Author <\/span><a class=\"url fn n\" href=\"https:\/\/www.giresunadahastanesi.com\/tr\/author\/tolga\/\">tolga<\/a><\/span><\/span><\/div><\/div>\t\t\t\t\t<div class=\"themetechmount-box-title\"><h4><a href=\"https:\/\/www.giresunadahastanesi.com\/tr\/excimer-lazer-nedir\/\">Excimer Lazer Nedir?<\/a><\/h4><\/div>\t\t\t\t<\/div>\t\t\r\n\t\t\t\t<div class=\"themetechmount-box-desc-text\">G\u00f6z \u00c7izdirme Ameliyat\u0131 (Excimer Lazer) ile G\u00f6zl\u00fcks\u00fcz Hayata Merhaba G\u00fcn\u00fcm\u00fczde aktif bir ya\u015fam s\u00fc...<\/div>\r\n\t\t\t   <div class=\"themetechmount-box-desc-footer\">\r\n\t\t\t\t\t<div class=\"themetechmount-blogbox-desc-footer\">\r\n\t\t\t\t\t\t\t\t\t\t<\/div>\r\n\t\t\t\t<\/div>\t\t\r\n\t\t\t<\/div>\r\n        <\/div>\r\n\t<\/div>\r\n<\/article>\r\n<\/div><div class=\"tm-box-col-wrapper col-lg-4 col-sm-6 col-md-4 col-xs-12 uncategorized-tr\"><article class=\"themetechmount-box themetechmount-box-blog themetechmount-box-topimage themetechmount-blogbox-format- \">\r\n\t<div class=\"post-item\">\r\n\t\t<div class=\"themetechmount-box-content\">\t\t\r\n\t\t\t<div class=\"tm-featured-outer-wrapper tm-post-featured-outer-wrapper\">\r\n\t\t\t\t<div class=\"tm_classic_post_icon\"><div class=\"tm-post-format-icon-wrapper\"><i class=\"tm-brivona-icon-pencil\"><\/i><\/div><\/div>\t\t\t\t<div class=\"tm-featured-wrapper tm-post-featured-wrapper tm-post-format-\"><a href=\"https:\/\/www.giresunadahastanesi.com\/tr\/goz-sagliginizi-korumak-icin-duzenli-muayene-sart\/\"><img decoding=\"async\" width=\"720\" height=\"544\" src=\"https:\/\/www.giresunadahastanesi.com\/wp-content\/uploads\/2025\/09\/WhatsApp-Image-2025-09-16-at-12.54.33-720x544.jpeg\" class=\"attachment-themetechmount-img-blog-top size-themetechmount-img-blog-top wp-post-image\" alt=\"\" data-id=\"8234\" \/><\/a><\/div>\t\t\t\t<div class=\"tm-box-post-date\">\r\n\t\t\t\t\t\t<div class=\"themetechmount-post-date-wrapper\"><div class=\"themetechmount-entry-date-wrapper\"><span class=\"themetechmount-entry-date\"><time class=\"entry-date\" datetime=\"2025-09-16T17:32:07+03:00\">16<span class=\"entry-month entry-year\">Eyl<span class=\"entry-year\">2025<\/span><\/span><\/time><\/span><\/div><\/div>\t\t\t\t<\/div>\r\n\t\t\t<\/div>\t\t\r\n\t\t\t<div class=\"themetechmount-box-desc\">\r\n\t\t\t\t<div class=\"entry-header\">\r\n\t\t\t\t\t<div class=\"tm-entry-meta-wrapper\"><div class=\"entry-meta tm-entry-meta tm-entry-meta-blogbox\"><span class=\"tm-meta-line byline\"><i class=\"tm-brivona-icon-user-1\"><\/i> <span class=\"author vcard\"><span class=\"screen-reader-text tm-hide\">Author <\/span><a class=\"url fn n\" href=\"https:\/\/www.giresunadahastanesi.com\/tr\/author\/tolga\/\">tolga<\/a><\/span><\/span><\/div><\/div>\t\t\t\t\t<div class=\"themetechmount-box-title\"><h4><a href=\"https:\/\/www.giresunadahastanesi.com\/tr\/goz-sagliginizi-korumak-icin-duzenli-muayene-sart\/\">G\u00f6z Sa\u011fl\u0131\u011f\u0131n\u0131z\u0131 Korumak \u0130\u00e7in D\u00fczenli Muayene \u015eart<\/a><\/h4><\/div>\t\t\t\t<\/div>\t\t\r\n\t\t\t\t<div class=\"themetechmount-box-desc-text\">G\u00f6z Sa\u011fl\u0131\u011f\u0131n\u0131z\u0131 Korumak \u0130\u00e7in D\u00fczenli Muayene \u015eart G\u00f6zlerimiz, d\u00fcnyay\u0131 alg\u0131lamam\u0131z\u0131 sa\u011flay...<\/div>\r\n\t\t\t   <div class=\"themetechmount-box-desc-footer\">\r\n\t\t\t\t\t<div class=\"themetechmount-blogbox-desc-footer\">\r\n\t\t\t\t\t\t\t\t\t\t<\/div>\r\n\t\t\t\t<\/div>\t\t\r\n\t\t\t<\/div>\r\n        <\/div>\r\n\t<\/div>\r\n<\/article>\r\n<\/div><div class=\"tm-box-col-wrapper col-lg-4 col-sm-6 col-md-4 col-xs-12 uncategorized-tr\"><article class=\"themetechmount-box themetechmount-box-blog themetechmount-box-topimage themetechmount-blogbox-format- \">\r\n\t<div class=\"post-item\">\r\n\t\t<div class=\"themetechmount-box-content\">\t\t\r\n\t\t\t<div class=\"tm-featured-outer-wrapper tm-post-featured-outer-wrapper\">\r\n\t\t\t\t<div class=\"tm_classic_post_icon\"><div class=\"tm-post-format-icon-wrapper\"><i class=\"tm-brivona-icon-pencil\"><\/i><\/div><\/div>\t\t\t\t<div class=\"tm-featured-wrapper tm-post-featured-wrapper tm-post-format-\"><a href=\"https:\/\/www.giresunadahastanesi.com\/tr\/perkutan-koroner-girisim-pkg\/\"><img loading=\"lazy\" decoding=\"async\" width=\"720\" height=\"544\" src=\"https:\/\/www.giresunadahastanesi.com\/wp-content\/uploads\/2025\/09\/WhatsApp-Image-2025-09-16-at-12.53.56-720x544.jpeg\" class=\"attachment-themetechmount-img-blog-top size-themetechmount-img-blog-top wp-post-image\" alt=\"\" data-id=\"8227\" \/><\/a><\/div>\t\t\t\t<div class=\"tm-box-post-date\">\r\n\t\t\t\t\t\t<div class=\"themetechmount-post-date-wrapper\"><div class=\"themetechmount-entry-date-wrapper\"><span class=\"themetechmount-entry-date\"><time class=\"entry-date\" datetime=\"2025-09-16T17:30:00+03:00\">16<span class=\"entry-month entry-year\">Eyl<span class=\"entry-year\">2025<\/span><\/span><\/time><\/span><\/div><\/div>\t\t\t\t<\/div>\r\n\t\t\t<\/div>\t\t\r\n\t\t\t<div class=\"themetechmount-box-desc\">\r\n\t\t\t\t<div class=\"entry-header\">\r\n\t\t\t\t\t<div class=\"tm-entry-meta-wrapper\"><div class=\"entry-meta tm-entry-meta tm-entry-meta-blogbox\"><span class=\"tm-meta-line byline\"><i class=\"tm-brivona-icon-user-1\"><\/i> <span class=\"author vcard\"><span class=\"screen-reader-text tm-hide\">Author <\/span><a class=\"url fn n\" href=\"https:\/\/www.giresunadahastanesi.com\/tr\/author\/tolga\/\">tolga<\/a><\/span><\/span><\/div><\/div>\t\t\t\t\t<div class=\"themetechmount-box-title\"><h4><a href=\"https:\/\/www.giresunadahastanesi.com\/tr\/perkutan-koroner-girisim-pkg\/\">Perk\u00fctan Koroner Giri\u015fim (PKG)<\/a><\/h4><\/div>\t\t\t\t<\/div>\t\t\r\n\t\t\t\t<div class=\"themetechmount-box-desc-text\">Perk\u00fctan Koroner Giri\u015fim (PKG): Kalp Sa\u011fl\u0131\u011f\u0131n\u0131z \u0130\u00e7in Minimal \u0130nvaziv \u00c7\u00f6z\u00fcm Kalp damar hastal\u0131...<\/div>\r\n\t\t\t   <div class=\"themetechmount-box-desc-footer\">\r\n\t\t\t\t\t<div class=\"themetechmount-blogbox-desc-footer\">\r\n\t\t\t\t\t\t\t\t\t\t<\/div>\r\n\t\t\t\t<\/div>\t\t\r\n\t\t\t<\/div>\r\n        <\/div>\r\n\t<\/div>\r\n<\/article>\r\n<\/div><div class=\"tm-box-col-wrapper col-lg-4 col-sm-6 col-md-4 col-xs-12 uncategorized-tr\"><article class=\"themetechmount-box themetechmount-box-blog themetechmount-box-topimage themetechmount-blogbox-format- \">\r\n\t<div class=\"post-item\">\r\n\t\t<div class=\"themetechmount-box-content\">\t\t\r\n\t\t\t<div class=\"tm-featured-outer-wrapper tm-post-featured-outer-wrapper\">\r\n\t\t\t\t<div class=\"tm_classic_post_icon\"><div class=\"tm-post-format-icon-wrapper\"><i class=\"tm-brivona-icon-pencil\"><\/i><\/div><\/div>\t\t\t\t<div class=\"tm-featured-wrapper tm-post-featured-wrapper tm-post-format-\"><a href=\"https:\/\/www.giresunadahastanesi.com\/tr\/duzenli-gebelik-takibinin-onemi\/\"><img loading=\"lazy\" decoding=\"async\" width=\"720\" height=\"544\" src=\"https:\/\/www.giresunadahastanesi.com\/wp-content\/uploads\/2025\/09\/WhatsApp-Image-2025-09-16-at-12.53.22-720x544.jpeg\" class=\"attachment-themetechmount-img-blog-top size-themetechmount-img-blog-top wp-post-image\" alt=\"\" data-id=\"8220\" \/><\/a><\/div>\t\t\t\t<div class=\"tm-box-post-date\">\r\n\t\t\t\t\t\t<div class=\"themetechmount-post-date-wrapper\"><div class=\"themetechmount-entry-date-wrapper\"><span class=\"themetechmount-entry-date\"><time class=\"entry-date\" datetime=\"2025-09-16T17:28:31+03:00\">16<span class=\"entry-month entry-year\">Eyl<span class=\"entry-year\">2025<\/span><\/span><\/time><\/span><\/div><\/div>\t\t\t\t<\/div>\r\n\t\t\t<\/div>\t\t\r\n\t\t\t<div class=\"themetechmount-box-desc\">\r\n\t\t\t\t<div class=\"entry-header\">\r\n\t\t\t\t\t<div class=\"tm-entry-meta-wrapper\"><div class=\"entry-meta tm-entry-meta tm-entry-meta-blogbox\"><span class=\"tm-meta-line byline\"><i class=\"tm-brivona-icon-user-1\"><\/i> <span class=\"author vcard\"><span class=\"screen-reader-text tm-hide\">Author <\/span><a class=\"url fn n\" href=\"https:\/\/www.giresunadahastanesi.com\/tr\/author\/tolga\/\">tolga<\/a><\/span><\/span><\/div><\/div>\t\t\t\t\t<div class=\"themetechmount-box-title\"><h4><a href=\"https:\/\/www.giresunadahastanesi.com\/tr\/duzenli-gebelik-takibinin-onemi\/\">D\u00fczenli Gebelik Takibinin \u00d6nemi<\/a><\/h4><\/div>\t\t\t\t<\/div>\t\t\r\n\t\t\t\t<div class=\"themetechmount-box-desc-text\">Gebelik Takibi: Sa\u011fl\u0131kl\u0131 Bir Ba\u015flang\u0131\u00e7 \u0130\u00e7in Her Ad\u0131mda Yan\u0131n\u0131zday\u0131z Gebelik, hem anne hem de be...<\/div>\r\n\t\t\t   <div class=\"themetechmount-box-desc-footer\">\r\n\t\t\t\t\t<div class=\"themetechmount-blogbox-desc-footer\">\r\n\t\t\t\t\t\t\t\t\t\t<\/div>\r\n\t\t\t\t<\/div>\t\t\r\n\t\t\t<\/div>\r\n        <\/div>\r\n\t<\/div>\r\n<\/article>\r\n<\/div><div class=\"tm-box-col-wrapper col-lg-4 col-sm-6 col-md-4 col-xs-12 uncategorized-tr\"><article class=\"themetechmount-box themetechmount-box-blog themetechmount-box-topimage themetechmount-blogbox-format- \">\r\n\t<div class=\"post-item\">\r\n\t\t<div class=\"themetechmount-box-content\">\t\t\r\n\t\t\t<div class=\"tm-featured-outer-wrapper tm-post-featured-outer-wrapper\">\r\n\t\t\t\t<div class=\"tm_classic_post_icon\"><div class=\"tm-post-format-icon-wrapper\"><i class=\"tm-brivona-icon-pencil\"><\/i><\/div><\/div>\t\t\t\t<div class=\"tm-featured-wrapper tm-post-featured-wrapper tm-post-format-\"><a href=\"https:\/\/www.giresunadahastanesi.com\/tr\/emzirme-bag-kurmak-korumak-ve-gelecege-gucle-dokunmak\/\"><img loading=\"lazy\" decoding=\"async\" width=\"720\" height=\"544\" src=\"https:\/\/www.giresunadahastanesi.com\/wp-content\/uploads\/2025\/09\/WhatsApp-Image-2025-09-16-at-12.52.52-720x544.jpeg\" class=\"attachment-themetechmount-img-blog-top size-themetechmount-img-blog-top wp-post-image\" alt=\"\" data-id=\"8213\" \/><\/a><\/div>\t\t\t\t<div class=\"tm-box-post-date\">\r\n\t\t\t\t\t\t<div class=\"themetechmount-post-date-wrapper\"><div class=\"themetechmount-entry-date-wrapper\"><span class=\"themetechmount-entry-date\"><time class=\"entry-date\" datetime=\"2025-09-16T17:26:46+03:00\">16<span class=\"entry-month entry-year\">Eyl<span class=\"entry-year\">2025<\/span><\/span><\/time><\/span><\/div><\/div>\t\t\t\t<\/div>\r\n\t\t\t<\/div>\t\t\r\n\t\t\t<div class=\"themetechmount-box-desc\">\r\n\t\t\t\t<div class=\"entry-header\">\r\n\t\t\t\t\t<div class=\"tm-entry-meta-wrapper\"><div class=\"entry-meta tm-entry-meta tm-entry-meta-blogbox\"><span class=\"tm-meta-line byline\"><i class=\"tm-brivona-icon-user-1\"><\/i> <span class=\"author vcard\"><span class=\"screen-reader-text tm-hide\">Author <\/span><a class=\"url fn n\" href=\"https:\/\/www.giresunadahastanesi.com\/tr\/author\/tolga\/\">tolga<\/a><\/span><\/span><\/div><\/div>\t\t\t\t\t<div class=\"themetechmount-box-title\"><h4><a href=\"https:\/\/www.giresunadahastanesi.com\/tr\/emzirme-bag-kurmak-korumak-ve-gelecege-gucle-dokunmak\/\">Emzirme: Ba\u011f Kurmak, Korumak ve Gelece\u011fe G\u00fc\u00e7le Dokunmak<\/a><\/h4><\/div>\t\t\t\t<\/div>\t\t\r\n\t\t\t\t<div class=\"themetechmount-box-desc-text\">Emzirme, sadece bebe\u011fi beslemek anlam\u0131na gelmez. Ayn\u0131 zamanda anne ile bebek aras\u0131nda g\u00fc\u00e7l\u00fc bir ba\u011f ku...<\/div>\r\n\t\t\t   <div class=\"themetechmount-box-desc-footer\">\r\n\t\t\t\t\t<div class=\"themetechmount-blogbox-desc-footer\">\r\n\t\t\t\t\t\t\t\t\t\t<\/div>\r\n\t\t\t\t<\/div>\t\t\r\n\t\t\t<\/div>\r\n        <\/div>\r\n\t<\/div>\r\n<\/article>\r\n<\/div>\n\t\t\t<\/div>\n\t\t<div class=\"clearfix\"><\/div><div class=\"themetechmount-pagination\"><span aria-current=\"page\" class=\"page-numbers current\">1<\/span>\n<a class=\"page-numbers\" href=\"https:\/\/www.giresunadahastanesi.com\/tr\/wp-json\/wp\/v2\/pages\/674\/page\/2\/\">2<\/a>\n<a class=\"page-numbers\" href=\"https:\/\/www.giresunadahastanesi.com\/tr\/wp-json\/wp\/v2\/pages\/674\/page\/3\/\">3<\/a>\n<a class=\"next page-numbers\" href=\"https:\/\/www.giresunadahastanesi.com\/tr\/wp-json\/wp\/v2\/pages\/674\/page\/2\/\"><span class=\"tm-hide tm-pagination-text tm-pagination-text-next\">Next page<\/span> <i class=\"tm-brivona-icon-arrow-right\"><\/i><\/a><\/div><!-- .themetechmount-pagination --><\/div><!-- .themetechmount-boxes-inner -->   <\/div><!-- .themetechmount-boxes -->  [\/vc_column][\/vc_row]<\/p>\n<\/div>","protected":false},"excerpt":{"rendered":"<p>[vc_row][vc_column][\/vc_column][\/vc_row]<\/p>\n","protected":false},"author":1,"featured_media":0,"parent":0,"menu_order":17,"comment_status":"closed","ping_status":"closed","template":"","meta":{"footnotes":""},"class_list":["post-674","page","type-page","status-publish","hentry"],"_links":{"self":[{"href":"https:\/\/www.giresunadahastanesi.com\/tr\/wp-json\/wp\/v2\/pages\/674","targetHints":{"allow":["GET"]}}],"collection":[{"href":"https:\/\/www.giresunadahastanesi.com\/tr\/wp-json\/wp\/v2\/pages"}],"about":[{"href":"https:\/\/www.giresunadahastanesi.com\/tr\/wp-json\/wp\/v2\/types\/page"}],"author":[{"embeddable":true,"href":"https:\/\/www.giresunadahastanesi.com\/tr\/wp-json\/wp\/v2\/users\/1"}],"replies":[{"embeddable":true,"href":"https:\/\/www.giresunadahastanesi.com\/tr\/wp-json\/wp\/v2\/comments?post=674"}],"version-history":[{"count":1,"href":"https:\/\/www.giresunadahastanesi.com\/tr\/wp-json\/wp\/v2\/pages\/674\/revisions"}],"predecessor-version":[{"id":3662,"href":"https:\/\/www.giresunadahastanesi.com\/tr\/wp-json\/wp\/v2\/pages\/674\/revisions\/3662"}],"wp:attachment":[{"href":"https:\/\/www.giresunadahastanesi.com\/tr\/wp-json\/wp\/v2\/media?parent=674"}],"curies":[{"name":"wp","href":"https:\/\/api.w.org\/{rel}","templated":true}]}}