{"id":8139,"date":"2025-08-13T15:01:09","date_gmt":"2025-08-13T12:01:09","guid":{"rendered":"https:\/\/www.giresunadahastanesi.com\/?page_id=8139"},"modified":"2025-08-13T15:01:09","modified_gmt":"2025-08-13T12:01:09","slug":"gebe-okulu","status":"publish","type":"page","link":"https:\/\/www.giresunadahastanesi.com\/tr\/gebe-okulu\/","title":{"rendered":"Gebe Okulu"},"content":{"rendered":"<div class=\"wpb-content-wrapper\"><p>[vc_row tm_bgimagefixed=&#8221;&#8221; css=&#8221;.vc_custom_1533399575967{padding-top: 65px !important;padding-bottom: 60px !important;}&#8221;][vc_column]<h2 style=\"text-align:left;font-size:36px;line-height:46px;\" class=\"tm-custom-heading \" >Ada Hastanesi Anla\u015fmal\u0131 Sigortalar Listesi<\/h2>\n[vc_column_text css=&#8221;&#8221;]<\/p>\n<ul>\n<li>\n<h3 class=\"tp-section-title mb-4\">GEBE OKULU NED\u0130R?<\/h3>\n<p class=\"mb-5\">Do\u011fum ve gebelik konular\u0131nda, do\u011fum \u00f6ncesi ve sonras\u0131nda anneye destek olarak yenido\u011fan-anne ili\u015fkisinde yard\u0131mc\u0131 olan bir profesyonel destek s\u00fcrecidir. Gebe Okulumuzda anne adaylar\u0131m\u0131za do\u011fum \u00f6ncesi, do\u011fum s\u00fcreci ve do\u011fum sonras\u0131 d\u00f6nemlerini bilin\u00e7li bir \u015fekilde ge\u00e7irebilmeleri i\u00e7in anne bebek e\u011fitimleri hizmeti verilmektedir.<\/p>\n<div class=\"row\">\n<div class=\"offset-md-4 col-md-4 mb-4\"><img decoding=\"async\" class=\"img-fluid h-64 rounded\" src=\"https:\/\/www.imperialhastanesi.com\/assets\/img\/gebe-okulu\/1.jpg\" alt=\"Gebe Okulu 1\" \/><\/div>\n<\/div>\n<h3 class=\"tp-section-title mb-4\">GEBE OKULUNUN AMACI NED\u0130R?<\/h3>\n<p class=\"mb-5\">Amac\u0131m\u0131z, gebelik d\u00f6neminin; do\u011fum s\u00fcrecinin anne-bebek sa\u011fl\u0131\u011f\u0131 a\u00e7\u0131s\u0131ndan daha g\u00fcvenli ve g\u00fczel ge\u00e7mesini sa\u011flamak, gebelerimizi duygusal bedensel y\u00f6nden do\u011fuma ve do\u011fum sonras\u0131na bilin\u00e7li bir \u015fekilde haz\u0131rlamakt\u0131r. Bu kapsamda anne adaylar\u0131n\u0131n ve \u00e7evresinin bilgi d\u00fczeyini art\u0131rmak \u00e7ok \u00f6nemlidir. Bilgi d\u00fczeyinin artmas\u0131yla anne aday\u0131 gebeli\u011fini ve do\u011fum s\u00fcrecini daha kolay ve sa\u011fl\u0131kl\u0131 ge\u00e7irir.<\/p>\n<div class=\"row mt-5\">\n<div class=\"col-12\">\n<div class=\"row\">\n<div class=\"offset-md-4 col-md-4 mb-4\"><img decoding=\"async\" class=\"img-fluid h-100 rounded\" src=\"https:\/\/www.imperialhastanesi.com\/assets\/img\/gebe-okulu\/2.jpg\" alt=\"Gebe Okulu 2\" \/><\/div>\n<\/div>\n<\/div>\n<\/div>\n<\/li>\n<\/ul>\n<p>[\/vc_column_text][\/vc_column][\/vc_row]<\/p>\n<\/div>","protected":false},"excerpt":{"rendered":"<p>[vc_row tm_bgimagefixed=&#8221;&#8221; css=&#8221;.vc_custom_1533399575967{padding-top: 65px !important;padding-bottom: 60px !important;}&#8221;][vc_column][vc_column_text css=&#8221;&#8221;] GEBE OKULU NED\u0130R? Do\u011fum ve gebelik konular\u0131nda, do\u011fum \u00f6ncesi ve sonras\u0131nda anneye destek olarak yenido\u011fan-anne ili\u015fkisinde yard\u0131mc\u0131 olan bir profesyonel destek s\u00fcrecidir. Gebe Okulumuzda anne adaylar\u0131m\u0131za do\u011fum \u00f6ncesi, do\u011fum s\u00fcreci ve do\u011fum sonras\u0131 d\u00f6nemlerini bilin\u00e7li bir \u015fekilde ge\u00e7irebilmeleri i\u00e7in anne bebek e\u011fitimleri hizmeti verilmektedir. GEBE OKULUNUN AMACI &hellip; <a href=\"https:\/\/www.giresunadahastanesi.com\/tr\/gebe-okulu\/\" class=\"more-link\">Continue reading <span class=\"screen-reader-text\">Gebe Okulu<\/span><\/a><\/p>\n","protected":false},"author":1,"featured_media":0,"parent":0,"menu_order":14,"comment_status":"closed","ping_status":"closed","template":"","meta":{"footnotes":""},"class_list":["post-8139","page","type-page","status-publish","hentry"],"_links":{"self":[{"href":"https:\/\/www.giresunadahastanesi.com\/tr\/wp-json\/wp\/v2\/pages\/8139","targetHints":{"allow":["GET"]}}],"collection":[{"href":"https:\/\/www.giresunadahastanesi.com\/tr\/wp-json\/wp\/v2\/pages"}],"about":[{"href":"https:\/\/www.giresunadahastanesi.com\/tr\/wp-json\/wp\/v2\/types\/page"}],"author":[{"embeddable":true,"href":"https:\/\/www.giresunadahastanesi.com\/tr\/wp-json\/wp\/v2\/users\/1"}],"replies":[{"embeddable":true,"href":"https:\/\/www.giresunadahastanesi.com\/tr\/wp-json\/wp\/v2\/comments?post=8139"}],"version-history":[{"count":1,"href":"https:\/\/www.giresunadahastanesi.com\/tr\/wp-json\/wp\/v2\/pages\/8139\/revisions"}],"predecessor-version":[{"id":8140,"href":"https:\/\/www.giresunadahastanesi.com\/tr\/wp-json\/wp\/v2\/pages\/8139\/revisions\/8140"}],"wp:attachment":[{"href":"https:\/\/www.giresunadahastanesi.com\/tr\/wp-json\/wp\/v2\/media?parent=8139"}],"curies":[{"name":"wp","href":"https:\/\/api.w.org\/{rel}","templated":true}]}}