{"id":8168,"date":"2025-09-12T15:20:48","date_gmt":"2025-09-12T12:20:48","guid":{"rendered":"https:\/\/www.giresunadahastanesi.com\/?page_id=8168"},"modified":"2025-09-12T15:36:27","modified_gmt":"2025-09-12T12:36:27","slug":"ulasim","status":"publish","type":"page","link":"https:\/\/www.giresunadahastanesi.com\/tr\/ulasim\/","title":{"rendered":"Ula\u015f\u0131m"},"content":{"rendered":"<div class=\"wpb-content-wrapper\"><p>[vc_row tm_bgimagefixed=&#8221;&#8221; css=&#8221;.vc_custom_1533399575967{padding-top: 65px !important;padding-bottom: 60px !important;}&#8221;][vc_column]<h2 style=\"text-align:left;font-size:36px;line-height:46px;\" class=\"tm-custom-heading \" >Ada Hastanesi Ula\u015f\u0131m<\/h2>\n[vc_column_text css=&#8221;&#8221;]Hastanemize Ordu &#8211; Giresun havaalan\u0131ndan Hava\u015f servisleri ile \u015fehir merkezine gelerek Giresun Ada Hastanesi dolmu\u015f servislerini kullanarak ula\u015f\u0131m sa\u011flayabilirsiniz. Hastanemize gelen Giresun merkezi i\u00e7erisinde \u00e7al\u0131\u015fan 3 farkl\u0131 dolmu\u015f hatt\u0131 bulunmaktad\u0131r.<\/p>\n<p>&nbsp;<\/p>\n<p>&nbsp;<\/p>\n<p>[\/vc_column_text][\/vc_column][\/vc_row]<\/p>\n<\/div>","protected":false},"excerpt":{"rendered":"<p>[vc_row tm_bgimagefixed=&#8221;&#8221; css=&#8221;.vc_custom_1533399575967{padding-top: 65px !important;padding-bottom: 60px !important;}&#8221;][vc_column][vc_column_text css=&#8221;&#8221;]Hastanemize Ordu &#8211; Giresun havaalan\u0131ndan Hava\u015f servisleri ile \u015fehir merkezine gelerek Giresun Ada Hastanesi dolmu\u015f servislerini kullanarak ula\u015f\u0131m sa\u011flayabilirsiniz. Hastanemize gelen Giresun merkezi i\u00e7erisinde \u00e7al\u0131\u015fan 3 farkl\u0131 dolmu\u015f hatt\u0131 bulunmaktad\u0131r. &nbsp; &nbsp; [\/vc_column_text][\/vc_column][\/vc_row]<\/p>\n","protected":false},"author":1,"featured_media":0,"parent":0,"menu_order":14,"comment_status":"closed","ping_status":"closed","template":"","meta":{"footnotes":""},"class_list":["post-8168","page","type-page","status-publish","hentry"],"_links":{"self":[{"href":"https:\/\/www.giresunadahastanesi.com\/tr\/wp-json\/wp\/v2\/pages\/8168","targetHints":{"allow":["GET"]}}],"collection":[{"href":"https:\/\/www.giresunadahastanesi.com\/tr\/wp-json\/wp\/v2\/pages"}],"about":[{"href":"https:\/\/www.giresunadahastanesi.com\/tr\/wp-json\/wp\/v2\/types\/page"}],"author":[{"embeddable":true,"href":"https:\/\/www.giresunadahastanesi.com\/tr\/wp-json\/wp\/v2\/users\/1"}],"replies":[{"embeddable":true,"href":"https:\/\/www.giresunadahastanesi.com\/tr\/wp-json\/wp\/v2\/comments?post=8168"}],"version-history":[{"count":2,"href":"https:\/\/www.giresunadahastanesi.com\/tr\/wp-json\/wp\/v2\/pages\/8168\/revisions"}],"predecessor-version":[{"id":8172,"href":"https:\/\/www.giresunadahastanesi.com\/tr\/wp-json\/wp\/v2\/pages\/8168\/revisions\/8172"}],"wp:attachment":[{"href":"https:\/\/www.giresunadahastanesi.com\/tr\/wp-json\/wp\/v2\/media?parent=8168"}],"curies":[{"name":"wp","href":"https:\/\/api.w.org\/{rel}","templated":true}]}}